{"id":18,"date":"2014-03-26T22:16:26","date_gmt":"2014-03-26T22:16:26","guid":{"rendered":"http:\/\/its-conf.org\/2014\/?page_id=18"},"modified":"2025-10-07T10:31:30","modified_gmt":"2025-10-07T10:31:30","slug":"important-dates","status":"publish","type":"page","link":"https:\/\/www.ciaca-conf.org\/es\/important-dates\/","title":{"rendered":"Fechas Importantes"},"content":{"rendered":"<p><strong>&#8211; Plazo L\u00edmite de Env\u00edo (Llamada Extra):<\/strong> 31 Octubre 2025<\/p>\n<p><strong>&#8211; Notificaci\u00f3n a los Autores (Llamada Extra): <\/strong>17\u00a0Noviembre 2025<\/p>\n<p><strong>&#8211; Env\u00edo de Versiones Finales y Registro Temprano (1\u00aa Llamada): <\/strong>hasta el 30 Junio 2025<\/p>\n<p><strong>&#8211; Conferencia: <\/strong>10 &#8211; 11 Diciembre 2025<\/p>\n","protected":false},"excerpt":{"rendered":"<p>&#8211; Plazo L\u00edmite de Env\u00edo (Llamada Extra): 31 Octubre 2025 &#8211; Notificaci\u00f3n a los Autores (Llamada Extra): 17\u00a0Noviembre 2025 &#8211; Env\u00edo de Versiones Finales y Registro Temprano (1\u00aa Llamada): hasta el 30 Junio 2025 &#8211; Conferencia: 10 &#8211; 11 Diciembre 2025<\/p>\n","protected":false},"author":1,"featured_media":0,"parent":0,"menu_order":0,"comment_status":"closed","ping_status":"closed","template":"","meta":{"footnotes":""},"class_list":["post-18","page","type-page","status-publish","hentry"],"_links":{"self":[{"href":"https:\/\/www.ciaca-conf.org\/es\/wp-json\/wp\/v2\/pages\/18","targetHints":{"allow":["GET"]}}],"collection":[{"href":"https:\/\/www.ciaca-conf.org\/es\/wp-json\/wp\/v2\/pages"}],"about":[{"href":"https:\/\/www.ciaca-conf.org\/es\/wp-json\/wp\/v2\/types\/page"}],"author":[{"embeddable":true,"href":"https:\/\/www.ciaca-conf.org\/es\/wp-json\/wp\/v2\/users\/1"}],"replies":[{"embeddable":true,"href":"https:\/\/www.ciaca-conf.org\/es\/wp-json\/wp\/v2\/comments?post=18"}],"version-history":[{"count":82,"href":"https:\/\/www.ciaca-conf.org\/es\/wp-json\/wp\/v2\/pages\/18\/revisions"}],"predecessor-version":[{"id":2592,"href":"https:\/\/www.ciaca-conf.org\/es\/wp-json\/wp\/v2\/pages\/18\/revisions\/2592"}],"wp:attachment":[{"href":"https:\/\/www.ciaca-conf.org\/es\/wp-json\/wp\/v2\/media?parent=18"}],"curies":[{"name":"wp","href":"https:\/\/api.w.org\/{rel}","templated":true}]}}