{"id":20,"date":"2014-03-26T22:16:51","date_gmt":"2014-03-26T22:16:51","guid":{"rendered":"http:\/\/its-conf.org\/2014\/?page_id=20"},"modified":"2025-03-24T10:51:30","modified_gmt":"2025-03-24T10:51:30","slug":"registrationrates","status":"publish","type":"page","link":"https:\/\/www.ciaca-conf.org\/es\/registrationrates\/","title":{"rendered":"Tarifas de la Conferencia"},"content":{"rendered":"<p>Las siguientes tarifas se aplican a miembros de IADIS con inscripciones validas y tambien a no miembros.<\/p>\n<p><strong>Por favor nota:<\/strong><\/p>\n<ul>\n<li style=\"text-align: justify;\"><strong>Las tarifas regulares incluyen:\u00a0<\/strong>Acceso a todas las sessiones, Certificado y Copia digital de las Actas de la Conferencia.<\/li>\n<li style=\"text-align: justify;\"><strong>Lo libro con actas de la conferencia es Extra<\/strong>\u2013 la copia digital ten todos los art\u00edculos publicados en la conferencia e esta incluido en precio de las tarifas regulares incluido no preso das tarifas regulares.<\/li>\n<li style=\"text-align: justify;\"><strong><span class=\"\">El pago del registro debe hacerse en euros,\u00a0<\/span><\/strong><span class=\"\">aceptamos tarjeta de cr\u00e9dito (Visa, MasterCard y American Express) o transferencia bancaria (todos los costos corren a cargo del transmisor). Si paga mediante transferencia bancaria, env\u00ede una copia del recibo al correo electr\u00f3nico de la secretar\u00eda de la conferencia.<\/span><\/li>\n<\/ul>\n<table style=\"width: 100%; height: 131px;\" border=\"1\" width=\"810\" align=\"center\">\n<tbody>\n<tr style=\"height: 53px;\">\n<td style=\"text-align: center; height: 53px;\"><\/td>\n<td style=\"text-align: center; height: 53px;\"><strong>Hasta el 30 Junio 2025<br \/>\n(Precios en EURO)<br \/>\n<\/strong><\/td>\n<td style=\"text-align: center; height: 53px;\"><strong>Despues del 30 Junio 2025<br \/>\n(Precios en EURO)<\/strong><\/td>\n<\/tr>\n<tr style=\"height: 26px;\">\n<td style=\"height: 26px;\"><strong>Miembro IADIS * \/ Estudiante No Miembro**<\/strong><\/td>\n<td style=\"height: 26px; text-align: center;\">190<\/td>\n<td style=\"height: 26px; text-align: center;\">260<\/td>\n<\/tr>\n<tr style=\"height: 26px;\">\n<td style=\"height: 26px;\"><strong>Estudiante Miembro IADIS ** \/ Participante<\/strong><\/td>\n<td style=\"height: 26px; text-align: center;\">110<\/td>\n<td style=\"height: 26px; text-align: center;\">180<\/td>\n<\/tr>\n<tr style=\"height: 26px;\">\n<td style=\"height: 26px;\"><strong>No Miembro<\/strong><\/td>\n<td style=\"height: 26px; text-align: center;\">270<\/td>\n<td style=\"height: 26px; text-align: center;\">340<\/td>\n<\/tr>\n<\/tbody>\n<\/table>\n<div align=\"center\">\n<div align=\"center\">\n<p style=\"text-align: justify;\">* con inscripci\u00f3n de miembro v\u00e1lida.<\/p>\n<p style=\"text-align: justify;\">** Las tarifas de estudiante se aplican solamente a estudiantes de tiempo completo (full-time) siendo necesaria una declaracion de la universidad certificando este hecho (la declaracion debe ser enviada por email \u2013 de otra manera no sera considerado).<\/p>\n<p style=\"text-align: justify;\"><strong>Inscripci\u00f3n como Miembro IADIS<\/strong>\u00a0\u2013 75 Euro (Valido para inscripci\u00f3n de un a\u00f1o)<\/p>\n<p style=\"text-align: justify;\"><strong>Libro con actas de la conferencia<\/strong>\u00a0\u2013 40 Euro<\/p>\n<p style=\"text-align: justify;\"><strong>Copia Digital con las Actas de la Conferencia<\/strong>\u00a0\u2013 25 Euro (una copia digital se incluye con todos los inscripcions)<\/p>\n<p style=\"text-align: justify;\"><strong>Autor presentando un articulo adicional<\/strong>\u00a0\u2013 90 Euro (<u>Por favor nota: S\u00f3lo se permite una presentaci\u00f3n adicional para cada inscripcion<\/u>.)<\/p>\n<\/div>\n<div align=\"center\">\n<table border=\"1\" align=\"center\">\n<tbody>\n<tr>\n<td><\/td>\n<td style=\"text-align: center;\"><strong>Paginas Incluidas en el precio regular<\/strong><\/td>\n<td style=\"text-align: center;\"><strong>Paginas extra***<\/strong><\/td>\n<td style=\"text-align: center;\"><strong>Total M\u00e1ximo de Paginas<\/strong><\/td>\n<\/tr>\n<tr>\n<td><strong>Trabajos Largos<\/strong><\/td>\n<td style=\"text-align: center;\">8<\/td>\n<td style=\"text-align: center;\">up to 4<\/td>\n<td style=\"text-align: center;\">12<\/td>\n<\/tr>\n<tr>\n<td><strong>Trabajos Cortos<\/strong><\/td>\n<td style=\"text-align: center;\">5<\/td>\n<td style=\"text-align: center;\">up to 1<\/td>\n<td style=\"text-align: center;\">6<\/td>\n<\/tr>\n<tr>\n<td><strong>Trabajo Doctoral<\/strong><\/td>\n<td style=\"text-align: center;\">5<\/td>\n<td style=\"text-align: center;\">up to 1<\/td>\n<td style=\"text-align: center;\">6<\/td>\n<\/tr>\n<tr>\n<td><strong>Art\u00edculos Reflexi\u00f3n<\/strong><\/td>\n<td style=\"text-align: center;\">4<\/td>\n<td style=\"text-align: center;\">up to 1<\/td>\n<td style=\"text-align: center;\">5<\/td>\n<\/tr>\n<tr>\n<td><strong>P\u00f3sters \/ Demostraciones<\/strong><\/td>\n<td style=\"text-align: center;\">3<\/td>\n<td style=\"text-align: center;\">up to 1<\/td>\n<td style=\"text-align: center;\">4<\/td>\n<\/tr>\n<\/tbody>\n<\/table>\n<div align=\"center\">\n<p>** El precio de paginas extra es de 50 euros por pagina extra.<\/p>\n<p><strong>El formulario de inscripcion en la conferencia se encuentra disponible\u00a0<\/strong><a href=\"https:\/\/www.conf-system.org\/confman_ciaca2025_es\/registration.asp\" target=\"_blank\" rel=\"noopener noreferrer\"><strong>aqui<\/strong><\/a><\/p>\n<\/div>\n<\/div>\n<\/div>\n","protected":false},"excerpt":{"rendered":"<p>Las siguientes tarifas se aplican a miembros de IADIS con inscripciones validas y tambien a no miembros. Por favor nota: Las tarifas regulares incluyen:\u00a0Acceso a todas las sessiones, Certificado y Copia digital de las Actas de la Conferencia. Lo libro con actas de la conferencia es Extra\u2013 la copia digital ten todos los art\u00edculos publicados [&hellip;]<\/p>\n","protected":false},"author":1,"featured_media":0,"parent":0,"menu_order":0,"comment_status":"closed","ping_status":"closed","template":"","meta":{"footnotes":""},"class_list":["post-20","page","type-page","status-publish","hentry"],"_links":{"self":[{"href":"https:\/\/www.ciaca-conf.org\/es\/wp-json\/wp\/v2\/pages\/20","targetHints":{"allow":["GET"]}}],"collection":[{"href":"https:\/\/www.ciaca-conf.org\/es\/wp-json\/wp\/v2\/pages"}],"about":[{"href":"https:\/\/www.ciaca-conf.org\/es\/wp-json\/wp\/v2\/types\/page"}],"author":[{"embeddable":true,"href":"https:\/\/www.ciaca-conf.org\/es\/wp-json\/wp\/v2\/users\/1"}],"replies":[{"embeddable":true,"href":"https:\/\/www.ciaca-conf.org\/es\/wp-json\/wp\/v2\/comments?post=20"}],"version-history":[{"count":103,"href":"https:\/\/www.ciaca-conf.org\/es\/wp-json\/wp\/v2\/pages\/20\/revisions"}],"predecessor-version":[{"id":2535,"href":"https:\/\/www.ciaca-conf.org\/es\/wp-json\/wp\/v2\/pages\/20\/revisions\/2535"}],"wp:attachment":[{"href":"https:\/\/www.ciaca-conf.org\/es\/wp-json\/wp\/v2\/media?parent=20"}],"curies":[{"name":"wp","href":"https:\/\/api.w.org\/{rel}","templated":true}]}}