{"id":14,"date":"2014-03-26T22:14:51","date_gmt":"2014-03-26T22:14:51","guid":{"rendered":"http:\/\/its-conf.org\/2014\/?page_id=14"},"modified":"2025-10-07T10:25:24","modified_gmt":"2025-10-07T10:25:24","slug":"chamada-de-trabalhos-em-portugues","status":"publish","type":"page","link":"https:\/\/www.ciaca-conf.org\/pt\/chamada-de-trabalhos-em-portugues\/","title":{"rendered":"Chamada de Trabalhos em Portugu\u00eas"},"content":{"rendered":"<p style=\"text-align: justify;\">A confer\u00eancia Ibero-Americana Computa\u00e7\u00e3o Aplicada 2025 tem como objetivo abordar os principais temas de interesse dentro da \u00e1rea de computa\u00e7\u00e3o aplicada e t\u00f3picos relacionados. Esta confer\u00eancia aborda aspetos essencialmente t\u00e9cnicos. O contexto da computa\u00e7\u00e3o aplicada \u00e9 dividido em \u00e1reas mais detalhadas (ver abaixo). No entanto contributos inovadores que n\u00e3o se encaixem nestas \u00e1reas tamb\u00e9m ser\u00e3o considerados, uma vez que podem ser de benef\u00edcio para os participantes da confer\u00eancia.<\/p>\n<p style=\"text-align: justify;\">Todas as \u00e1reas relacionadas \u00e0 Computa\u00e7\u00e3o Aplicada s\u00e3o de interesse, incluindo, mas n\u00e3o limitado, \u00e0s seguintes \u00e1reas:<\/p>\n<table border=\"0\" cellpadding=\"0\">\n<tbody>\n<tr>\n<td style=\"width: 50%; text-align: left;\"><strong>Campos de Aplica\u00e7\u00e3o<\/strong><br \/>\n&#8211; eCommerce e ePayment<br \/>\n&#8211; eLearning<br \/>\n&#8211; eHealth e eSports<br \/>\n&#8211; Servi\u00e7os de TI<br \/>\n&#8211; Computa\u00e7\u00e3o m\u00f3vel<br \/>\n&#8211; Gest\u00e3o e distribui\u00e7\u00e3o de conhecimento<\/p>\n<p>&nbsp;<\/p>\n<p><strong>Desempenho<\/strong><br \/>\n&#8211; Sistemas distribu\u00eddos e paralelos<br \/>\n&#8211; Computa\u00e7\u00e3o em Grid<br \/>\n&#8211; Avalia\u00e7\u00e3o e An\u00e1lise<br \/>\n&#8211; Sistemas inteligentes<br \/>\n&#8211; Aplica\u00e7\u00f5es em larga escala<br \/>\n&#8211; Armazenamento local e distribu\u00eddo<\/p>\n<p>&nbsp;<\/p>\n<p><strong>Usabilidade<\/strong><br \/>\n&#8211; Automa\u00e7\u00e3o de Servi\u00e7os<br \/>\n&#8211; Computa\u00e7\u00e3o centrada no ser humano<br \/>\n&#8211; Multim\u00eddia e Visualiza\u00e7\u00e3o<br \/>\n&#8211; Modalidades de interface do usu\u00e1rio<br \/>\n&#8211; Personaliza\u00e7\u00e3o e sistemas emp\u00e1ticos<br \/>\n&#8211; Realidade virtual<\/td>\n<td><strong>Conceitos Fundamentais e Engenharia<\/strong><br \/>\n&#8211; Algoritmos<br \/>\n&#8211; Bases de dados e minera\u00e7\u00e3o de dados<br \/>\n&#8211; Sistemas de informa\u00e7\u00e3o<br \/>\n&#8211; Aquisi\u00e7\u00e3o e agrega\u00e7\u00e3o de Informa\u00e7\u00e3o<br \/>\n&#8211; Linguagens e conceitos de programa\u00e7\u00e3o<br \/>\n&#8211; Seguran\u00e7a e privacidade<\/p>\n<p>&nbsp;<\/p>\n<p><strong>Comunica\u00e7\u00e3o<\/strong><br \/>\n&#8211; IoT (Internet das Coisas)<br \/>\n&#8211; Ind\u00fastria 4.0<br \/>\n&#8211; Sistemas M\u00f3veis e Redes<br \/>\n&#8211; Protocolos, Padr\u00f5es e Linguagens de Mark-up<br \/>\n&#8211; Redes de Sensores<br \/>\n&#8211; Aplicativos e tecnologias da WWW<\/p>\n<p><strong>Hardware<\/strong><br \/>\n&#8211; Computa\u00e7\u00e3o Embarcada (Embedded Computing)<br \/>\n&#8211; Constru\u00e7\u00f5es favor\u00e1veis ao meio ambiente<br \/>\n&#8211; Aspectos m\u00f3veis<br \/>\n&#8211; N\u00f3s de IoT<br \/>\n&#8211; Conceitos e dispositivos de seguran\u00e7a<br \/>\n&#8211; Streaming de informa\u00e7\u00f5es de banda larga<\/td>\n<\/tr>\n<\/tbody>\n<\/table>\n<p style=\"text-align: justify;\">A Confer\u00eancia \u00e9 composta por v\u00e1rios tipos de contribui\u00e7\u00f5es (em Portugu\u00eas):<\/p>\n<p style=\"text-align: justify;\">\u2022\u00a0<strong>Artigos Longos<\/strong>\u00a0\u2013 Trabalhos de investiga\u00e7\u00e3o com resultados\/finalizados. M\u00e1ximo de 8 p\u00e1ginas (5.000 palavras).<\/p>\n<p style=\"text-align: justify;\">\u2022\u00a0<strong>Artigos Curtos<\/strong>\u00a0\u2013 Trabalhos de investiga\u00e7\u00e3o em curso ou desenvolvidos recentemente. M\u00e1ximo de 4 p\u00e1ginas (2.500 palavras).<\/p>\n<p style=\"text-align: justify;\">\u2022\u00a0<strong>Artigos de Reflex\u00e3o<\/strong> \u2013 Estes poder\u00e3o rever investiga\u00e7\u00e3o liter\u00e1ria pertinentes a um problema ou a uma abordagem particular, indicar o que os achados sugerem, e\/ou fornecer uma sugest\u00e3o -com l\u00f3gica e argumenta\u00e7\u00e3o- para diferentes abordagens e perspetivas num determinado problema. Artigos de reflex\u00e3o poder\u00e3o tamb\u00e9m analisar as tend\u00eancias gerais ou discutir quest\u00f5es importantes de temas relacionados \u00e0 Computa\u00e7\u00e3o Aplicada. Estes t\u00eam 4 p\u00e1ginas no m\u00e1ximo (2.500 palavras).<\/p>\n<p style=\"text-align: justify;\">\u2022\u00a0<strong>Posters \/ Demonstra\u00e7\u00f5es<\/strong>\u00a0\u2013 Estes t\u00eam uma p\u00e1gina no m\u00e1ximo (625 palavras), al\u00e9m do pr\u00f3prio Poster (ou Demonstra\u00e7\u00e3o), que ser\u00e1 exposto na confer\u00eancia.<\/p>\n<p style=\"text-align: justify;\">\u2022\u00a0<strong>Tutoriais<\/strong>\u00a0\u2013 Podem ser apresentados por acad\u00e9micos ou por representantes de empresas. Propostas com um m\u00e1ximo de 250 palavras.<\/p>\n<p style=\"text-align: justify;\">\u2022\u00a0<strong>Pain\u00e9is<\/strong>\u00a0\u2013 Discuss\u00f5es sobre temas selecionados. Propostas com um m\u00e1ximo de 250 palavras.<\/p>\n<p style=\"text-align: justify;\">\u2022\u00a0<strong>Palestras<\/strong>\u00a0\u2013 Apresenta\u00e7\u00f5es feitas por conhecidas personalidades do meio acad\u00e9mico e por representantes de empresas. Um resumo ser\u00e1 inclu\u00eddo nas Atas da Confer\u00eancia.<\/p>\n<p style=\"text-align: justify;\">\u2022\u00a0<strong>Cons\u00f3rcio de P\u00f3s-Graduado<\/strong>\u00a0\u2013\u00a0Discuss\u00f5es em grupo de projetos individuais e trabalhos em curso de alunos de mestrado e doutoramento. M\u00e1ximo de 4 p\u00e1ginas (2.500 palavras).<\/p>\n<p style=\"text-align: justify;\">Para mais detalhes entre em contato com o diretor de publicidade-\u00a0<span id=\"cloak57452\"><a href=\"mailto:secretariat@ciaca-conf.org\">secretariat@ciaca-conf.org<\/a><\/span><\/p>\n<p style=\"text-align: justify;\"><strong>Datas Importantes:<\/strong><br \/>\n<strong>\u2013 Prazo Limite para Submiss\u00e3o (Chamada Extra): <\/strong>31\u00a0Outubro\u00a02025<br \/>\n<strong>\u2013 Notifica\u00e7\u00e3o aos Autores (Chamada Extra): <\/strong>17\u00a0Novembro\u00a02025<br \/>\n<strong>\u2013 Submiss\u00e3o de Vers\u00f5es Finais e Inscri\u00e7\u00e3o (1\u00aa chamada): <\/strong>at\u00e9 30 Junho 2025<br \/>\n<strong>\u2013 Confer\u00eancia: <\/strong>10 \u2013 11 Dezembro 2025<\/p>\n","protected":false},"excerpt":{"rendered":"<p>A confer\u00eancia Ibero-Americana Computa\u00e7\u00e3o Aplicada 2025 tem como objetivo abordar os principais temas de interesse dentro da \u00e1rea de computa\u00e7\u00e3o aplicada e t\u00f3picos relacionados. Esta confer\u00eancia aborda aspetos essencialmente t\u00e9cnicos. O contexto da computa\u00e7\u00e3o aplicada \u00e9 dividido em \u00e1reas mais detalhadas (ver abaixo). No entanto contributos inovadores que n\u00e3o se encaixem nestas \u00e1reas tamb\u00e9m ser\u00e3o [&hellip;]<\/p>\n","protected":false},"author":1,"featured_media":0,"parent":0,"menu_order":0,"comment_status":"closed","ping_status":"closed","template":"","meta":{"footnotes":""},"class_list":["post-14","page","type-page","status-publish","hentry"],"_links":{"self":[{"href":"https:\/\/www.ciaca-conf.org\/pt\/wp-json\/wp\/v2\/pages\/14","targetHints":{"allow":["GET"]}}],"collection":[{"href":"https:\/\/www.ciaca-conf.org\/pt\/wp-json\/wp\/v2\/pages"}],"about":[{"href":"https:\/\/www.ciaca-conf.org\/pt\/wp-json\/wp\/v2\/types\/page"}],"author":[{"embeddable":true,"href":"https:\/\/www.ciaca-conf.org\/pt\/wp-json\/wp\/v2\/users\/1"}],"replies":[{"embeddable":true,"href":"https:\/\/www.ciaca-conf.org\/pt\/wp-json\/wp\/v2\/comments?post=14"}],"version-history":[{"count":142,"href":"https:\/\/www.ciaca-conf.org\/pt\/wp-json\/wp\/v2\/pages\/14\/revisions"}],"predecessor-version":[{"id":2603,"href":"https:\/\/www.ciaca-conf.org\/pt\/wp-json\/wp\/v2\/pages\/14\/revisions\/2603"}],"wp:attachment":[{"href":"https:\/\/www.ciaca-conf.org\/pt\/wp-json\/wp\/v2\/media?parent=14"}],"curies":[{"name":"wp","href":"https:\/\/api.w.org\/{rel}","templated":true}]}}