{"id":16,"date":"2014-03-26T22:15:08","date_gmt":"2014-03-26T22:15:08","guid":{"rendered":"http:\/\/its-conf.org\/2014\/?page_id=16"},"modified":"2025-10-10T09:49:51","modified_gmt":"2025-10-10T09:49:51","slug":"committees","status":"publish","type":"page","link":"https:\/\/www.ciaca-conf.org\/pt\/committees\/","title":{"rendered":"Comit\u00e9 Cient\u00edfico"},"content":{"rendered":"<p><strong>Chair<\/strong><\/p>\n<p>Cristiano Costa, Universidade do Vale do Rio dos Sinos (Unisinos), Brasil<\/p>\n<p>&nbsp;<\/p>\n<p><b>Program Chair<\/b><\/p>\n<p>Paula Miranda, Escola Superior de Tecnologia, IPS, Portugal<\/p>\n<p>&nbsp;<\/p>\n<p><strong>Membros do Comit\u00e9*<\/strong><\/p>\n<p>Ana Carolina\u00a0Inocencio, Universidade Federal De Goi\u00e1s, Brasil<br \/>\nAnderson Perez, Universidade Federal De Santa Catarina, Brasil<br \/>\nAndrea Teresa \u00a0Riccio Barbosa, Universidade Federal de Mato Grosso do Sul, Brasil<br \/>\nAnita \u00a0Fernandes, Universidade Do Vale Do Itajai, Brasil<br \/>\nAntonio \u00a0Marti Campoy, Universitat Polit\u00e8cnica De Val\u00e8ncia, Espa\u00f1a<br \/>\nCarlos \u00a0Holbig, Universidade de Passo Fundo, Brasil<br \/>\nCarlos\u00a0Montez, Universidade Federal De Santa Catarina, Brasil<br \/>\nCristian \u00a0Garcia Bauza, UNCPBA-PLADEMA-CONICET, Argentina<br \/>\nCristiano\u00a0Costa, Universidade Do Vale Do Rio Dos Sinos, Brasil<br \/>\nDenio\u00a0Duarte, Federal University Of Fronteira Sul, Brasil<br \/>\nDolores\u00a0Rexachs, Universitat Aut\u00f2noma de Barcelona, Espa\u00f1a<br \/>\nEdward David\u00a0Moreno, UfS &#8211; Universidade Federal de Sergipe, Brasil<br \/>\nElisangela Silva Da \u00a0Cunha Rodrigues, Universidade Federal de Mato Grosso do Sul, Brasil<br \/>\nFabio \u00a0Iaione, Faculdade de Computa\u00e7\u00e3o &#8211; Universidade Federal de , Brasil<br \/>\nFabricio Augusto \u00a0Rodrigues, Universidade Federal de Mato Grosso do Sul, Brasil<br \/>\nFederico \u00a0Balaguer, Universidad Nacional De La Plata, Argentina<br \/>\nFernando \u00a0Osorio, Universidade de S\u00e3o Paulo &#8211; ICMC, Brasil<br \/>\nFrancisco Heron\u00a0de Carvalho Junior, Universidade Federal Do Cear\u00e1, Brasil<br \/>\nGeraldo Francisco Donega\u00a0Zafalon, S\u00e3o Paulo State University (Unesp\/SJRP), Brasil<br \/>\nGiovanni Cordeiro \u00a0Barroso, Universidade Federal do Cear\u00e1, Brasil<br \/>\nIvan Luiz \u00a0Pedroso Pires, Universidade Do Estado De Mato Grosso, Brasil<br \/>\nJavier\u00a0Cueca, Universidad De Murcia, Espa\u00f1a<br \/>\nJes\u00fas\u00a0C\u00e1mara, University Of Valladolid, Espa\u00f1a<br \/>\nJose Alfonso\u00a0Aguilar Calder\u00f3n, Universidad Aut\u00f3noma de Sinaloa, M\u00e9xico<br \/>\nJose Angel \u00a0Banares Banares, Universidad De Zaragoza, Espa\u00f1a<br \/>\nJos\u00e9 Carlos\u00a0Ferreira Da Rocha, Universidade Estadual De Ponta Grossa, Brasil<br \/>\nJose Luis \u00a0Vazquez-Poletti, Universidad Complutense De Madrid, Espa\u00f1a<br \/>\nJuan \u00a0Pablo D Amato, Univ. Nacional Del Centro De La Provincia De Bueno, Argentina<br \/>\nJuan V. \u00a0Capella, Universitat Polit\u00e8cnica de Val\u00e8ncia, Espa\u00f1a<br \/>\nJulian\u00a0\u00a0Grigera, Universidad Nacional De La Plata, Argentina<br \/>\nKelton Augusto \u00a0Pontara da Costa, UNESP &#8211; campus Bauru, Brasil<br \/>\nKleinner \u00a0Farias, Universidade do Vale do Rio dos Sinos, Brasil<br \/>\nLeandro\u00a0Antonelli, Lifia &#8211; Fac. de Informatica &#8211; Universidad Nacional, Argentina<br \/>\nLeandro\u00a0Neves, S\u00e3o Paulo State University (UNESP), Brasil<br \/>\nLuciano \u00a0Gonda, Universidade Federal de Mato Grosso do Sul, Brasil<br \/>\nMarcelo Da Silva \u00a0Hounsell, Universidade do Estado de Santa Catarina, Brasil<br \/>\nMarco Antonio \u00a0Sandini Trentin, Universidade de Passo Fundo, Brasil<br \/>\nMarco Aur\u00e9lio\u00a0Spohn, UFFS, Brasil<br \/>\nMarcos\u00a0Caetano, University Of Bras\u00edlia, Brasil<br \/>\nMargrit \u00a0Krug, Unisinos, Brasil<br \/>\nMar\u00eda Florencia\u00a0Pollo Cattaneo, Universidad Tecnol\u00f3gica Nacional, Facultad Regiona, Argentina<br \/>\nMarisa Daniela\u00a0Panizzi, Universidad Nacional de Hurlingham, Argentina<br \/>\nMark Alan \u00a0Junho Song, Pontificia Universidade Catolica de Minas Gerais, Brasil<br \/>\nMerisandra\u00a0C\u00f4rtes de Mattos, Universidade Do Extremo Sul Catarinense, Brasil<br \/>\nOmar Vicente \u00a0Garc\u00eda S\u00e1nchez, University Of Sinaloa, M\u00e9xico<br \/>\nPablo \u00a0Rabanal, Universidad Complutense De Madrid, Espa\u00f1a<br \/>\nPaulo\u00a0Ambrosio , Universidade Estadual de Santa Cruz, Brasil<br \/>\nRafael \u00a0Mayo-Garcia, Ciemat, Espa\u00f1a<br \/>\nRaimundo Correa \u00a0De Oliveira, Uea, Brasil<br \/>\nRemo \u00a0Suppi, Universitad Aut\u00f3noma De Barcelona, Espa\u00f1a<br \/>\nRog\u00e9ria C. G.\u00a0Souza, UNESP, Brasil<br \/>\nRogerio Antonio\u00a0Casagrande, UNESC &#8211; Universidade Do Extremo Sul Catarinense, Brasil<br \/>\nVicente \u00a0Gonz\u00e1lez A., Universidad Catolica, Paraguay<\/p>\n<p>*os membros do comit\u00e9 est\u00e3o a ser convidados.<\/p>\n","protected":false},"excerpt":{"rendered":"<p>Chair Cristiano Costa, Universidade do Vale do Rio dos Sinos (Unisinos), Brasil &nbsp; Program Chair Paula Miranda, Escola Superior de Tecnologia, IPS, Portugal &nbsp; Membros do Comit\u00e9* Ana Carolina\u00a0Inocencio, Universidade Federal De Goi\u00e1s, Brasil Anderson Perez, Universidade Federal De Santa Catarina, Brasil Andrea Teresa \u00a0Riccio Barbosa, Universidade Federal de Mato Grosso do Sul, Brasil Anita [&hellip;]<\/p>\n","protected":false},"author":1,"featured_media":0,"parent":0,"menu_order":0,"comment_status":"closed","ping_status":"closed","template":"","meta":{"footnotes":""},"class_list":["post-16","page","type-page","status-publish","hentry"],"_links":{"self":[{"href":"https:\/\/www.ciaca-conf.org\/pt\/wp-json\/wp\/v2\/pages\/16","targetHints":{"allow":["GET"]}}],"collection":[{"href":"https:\/\/www.ciaca-conf.org\/pt\/wp-json\/wp\/v2\/pages"}],"about":[{"href":"https:\/\/www.ciaca-conf.org\/pt\/wp-json\/wp\/v2\/types\/page"}],"author":[{"embeddable":true,"href":"https:\/\/www.ciaca-conf.org\/pt\/wp-json\/wp\/v2\/users\/1"}],"replies":[{"embeddable":true,"href":"https:\/\/www.ciaca-conf.org\/pt\/wp-json\/wp\/v2\/comments?post=16"}],"version-history":[{"count":120,"href":"https:\/\/www.ciaca-conf.org\/pt\/wp-json\/wp\/v2\/pages\/16\/revisions"}],"predecessor-version":[{"id":2608,"href":"https:\/\/www.ciaca-conf.org\/pt\/wp-json\/wp\/v2\/pages\/16\/revisions\/2608"}],"wp:attachment":[{"href":"https:\/\/www.ciaca-conf.org\/pt\/wp-json\/wp\/v2\/media?parent=16"}],"curies":[{"name":"wp","href":"https:\/\/api.w.org\/{rel}","templated":true}]}}