{"id":18,"date":"2014-03-26T22:16:26","date_gmt":"2014-03-26T22:16:26","guid":{"rendered":"http:\/\/its-conf.org\/2014\/?page_id=18"},"modified":"2025-10-07T10:26:12","modified_gmt":"2025-10-07T10:26:12","slug":"datas-importantes","status":"publish","type":"page","link":"https:\/\/www.ciaca-conf.org\/pt\/datas-importantes\/","title":{"rendered":"Datas Importantes"},"content":{"rendered":"<p><strong>\u2013 Prazo Limite para Submiss\u00e3o (Chamada Extra): <\/strong>31\u00a0Outubro\u00a02025<\/p>\n<p><strong>\u2013 Notifica\u00e7\u00e3o aos Autores (Chamada Extra): <\/strong>17\u00a0November 2025<\/p>\n<p><strong>\u2013 Submiss\u00e3o de Vers\u00f5es Finais e Inscri\u00e7\u00e3o (1\u00aa chamada): <\/strong>at\u00e9 30 Junho 2025<\/p>\n<p><strong>\u2013 Confer\u00eancia: <\/strong>10 \u2013 11 Dezembro 2025<\/p>\n","protected":false},"excerpt":{"rendered":"<p>\u2013 Prazo Limite para Submiss\u00e3o (Chamada Extra): 31\u00a0Outubro\u00a02025 \u2013 Notifica\u00e7\u00e3o aos Autores (Chamada Extra): 17\u00a0November 2025 \u2013 Submiss\u00e3o de Vers\u00f5es Finais e Inscri\u00e7\u00e3o (1\u00aa chamada): at\u00e9 30 Junho 2025 \u2013 Confer\u00eancia: 10 \u2013 11 Dezembro 2025<\/p>\n","protected":false},"author":1,"featured_media":0,"parent":0,"menu_order":0,"comment_status":"closed","ping_status":"closed","template":"","meta":{"footnotes":""},"class_list":["post-18","page","type-page","status-publish","hentry"],"_links":{"self":[{"href":"https:\/\/www.ciaca-conf.org\/pt\/wp-json\/wp\/v2\/pages\/18","targetHints":{"allow":["GET"]}}],"collection":[{"href":"https:\/\/www.ciaca-conf.org\/pt\/wp-json\/wp\/v2\/pages"}],"about":[{"href":"https:\/\/www.ciaca-conf.org\/pt\/wp-json\/wp\/v2\/types\/page"}],"author":[{"embeddable":true,"href":"https:\/\/www.ciaca-conf.org\/pt\/wp-json\/wp\/v2\/users\/1"}],"replies":[{"embeddable":true,"href":"https:\/\/www.ciaca-conf.org\/pt\/wp-json\/wp\/v2\/comments?post=18"}],"version-history":[{"count":84,"href":"https:\/\/www.ciaca-conf.org\/pt\/wp-json\/wp\/v2\/pages\/18\/revisions"}],"predecessor-version":[{"id":2604,"href":"https:\/\/www.ciaca-conf.org\/pt\/wp-json\/wp\/v2\/pages\/18\/revisions\/2604"}],"wp:attachment":[{"href":"https:\/\/www.ciaca-conf.org\/pt\/wp-json\/wp\/v2\/media?parent=18"}],"curies":[{"name":"wp","href":"https:\/\/api.w.org\/{rel}","templated":true}]}}