{"id":28,"date":"2014-03-26T22:18:09","date_gmt":"2014-03-26T22:18:09","guid":{"rendered":"http:\/\/its-conf.org\/2014\/?page_id=28"},"modified":"2024-07-31T11:20:02","modified_gmt":"2024-07-31T11:20:02","slug":"instrucoes-para-apresentacao","status":"publish","type":"page","link":"https:\/\/www.ciaca-conf.org\/pt\/instrucoes-para-apresentacao\/","title":{"rendered":"Instru\u00e7\u00f5es para Apresenta\u00e7\u00e3o"},"content":{"rendered":"<p style=\"text-align: justify;\">A confer\u00eancia ser\u00e1 realizada em modo virtual, utilizando a plataforma <a href=\"http:\/\/zoom.us\/\" target=\"_blank\" rel=\"noopener\">zoom.us<\/a>. Os autores\/participantes ir\u00e3o receber informa\u00e7\u00f5es sobre o Programa atualizado e como aceder \u00e0s sess\u00f5es do Zoom por e-mail. As sess\u00f5es ser\u00e3o agendadas no fuso hor\u00e1rio de Lisboa, Portugal.<\/p>\n<p style=\"text-align: justify;\">As apresenta\u00e7\u00f5es s\u00e3o realizadas pela ordem exibida no Programa, exceto se algu\u00e9m solicitar mudan\u00e7as e o moderador da sess\u00e3o concordar com elas. Os autores devem seguir as indica\u00e7\u00f5es do moderador da sess\u00e3o e cumprir a dura\u00e7\u00e3o da apresenta\u00e7\u00e3o que lhes corresponde.<\/p>\n<p style=\"text-align: justify;\"><strong>Tempos de apresenta\u00e7\u00e3o<\/strong><\/p>\n<p style=\"text-align: justify;\"><strong>\u2013 Artigos Longos<\/strong>\u00a0\u2013 25 minutos + 5 minutos para quest\u00f5es<br \/>\n<strong>\u2013 Artigos Curtos<\/strong>\u00a0\u2013 15 minutos + 5 minutos para quest\u00f5es<br \/>\n<strong>\u2013 Artigos de Reflex\u00e3o<\/strong>\u00a0\u2013 10 minutos + 5 minutos para quest\u00f5es<br \/>\n<strong>\u2013 Posters \/ Demonstra\u00e7\u00f5es<\/strong> \u2013 5 minutos (voc\u00ea pode apresentar seu poster de forma electr\u00f3nica com slides muito breves e \/ ou demonstra\u00e7\u00e3o) + 5 minutos para quest\u00f5es<\/p>\n","protected":false},"excerpt":{"rendered":"<p>A confer\u00eancia ser\u00e1 realizada em modo virtual, utilizando a plataforma zoom.us. Os autores\/participantes ir\u00e3o receber informa\u00e7\u00f5es sobre o Programa atualizado e como aceder \u00e0s sess\u00f5es do Zoom por e-mail. As sess\u00f5es ser\u00e3o agendadas no fuso hor\u00e1rio de Lisboa, Portugal. As apresenta\u00e7\u00f5es s\u00e3o realizadas pela ordem exibida no Programa, exceto se algu\u00e9m solicitar mudan\u00e7as e o [&hellip;]<\/p>\n","protected":false},"author":1,"featured_media":0,"parent":0,"menu_order":0,"comment_status":"closed","ping_status":"closed","template":"","meta":{"footnotes":""},"class_list":["post-28","page","type-page","status-publish","hentry"],"_links":{"self":[{"href":"https:\/\/www.ciaca-conf.org\/pt\/wp-json\/wp\/v2\/pages\/28","targetHints":{"allow":["GET"]}}],"collection":[{"href":"https:\/\/www.ciaca-conf.org\/pt\/wp-json\/wp\/v2\/pages"}],"about":[{"href":"https:\/\/www.ciaca-conf.org\/pt\/wp-json\/wp\/v2\/types\/page"}],"author":[{"embeddable":true,"href":"https:\/\/www.ciaca-conf.org\/pt\/wp-json\/wp\/v2\/users\/1"}],"replies":[{"embeddable":true,"href":"https:\/\/www.ciaca-conf.org\/pt\/wp-json\/wp\/v2\/comments?post=28"}],"version-history":[{"count":19,"href":"https:\/\/www.ciaca-conf.org\/pt\/wp-json\/wp\/v2\/pages\/28\/revisions"}],"predecessor-version":[{"id":2464,"href":"https:\/\/www.ciaca-conf.org\/pt\/wp-json\/wp\/v2\/pages\/28\/revisions\/2464"}],"wp:attachment":[{"href":"https:\/\/www.ciaca-conf.org\/pt\/wp-json\/wp\/v2\/media?parent=28"}],"curies":[{"name":"wp","href":"https:\/\/api.w.org\/{rel}","templated":true}]}}